{"id":28023,"date":"2022-09-27T16:37:52","date_gmt":"2022-09-27T21:37:52","guid":{"rendered":"https:\/\/naranjocapacitaciones.co\/laufamiliar\/jhkl\/?page_id=28023"},"modified":"2022-09-28T20:21:28","modified_gmt":"2022-09-29T01:21:28","slug":"quienes-somos","status":"publish","type":"page","link":"https:\/\/laufamiliar.com\/portal\/quienes-somos\/","title":{"rendered":"Quienes Somos"},"content":{"rendered":"\t\t<div data-elementor-type=\"wp-page\" data-elementor-id=\"28023\" class=\"elementor elementor-28023\" data-elementor-post-type=\"page\">\n\t\t\t\t\t\t<section class=\"elementor-section elementor-top-section elementor-element elementor-element-a33dc06 elementor-section-full_width elementor-section-content-middle elementor-section-height-default elementor-section-height-default\" data-id=\"a33dc06\" data-element_type=\"section\">\n\t\t\t\t\t\t<div class=\"elementor-container elementor-column-gap-wide\">\n\t\t\t\t\t<div class=\"elementor-column elementor-col-50 elementor-top-column elementor-element elementor-element-32a6e1f3\" data-id=\"32a6e1f3\" data-element_type=\"column\">\n\t\t\t<div class=\"elementor-widget-wrap elementor-element-populated\">\n\t\t\t\t\t\t<div class=\"elementor-element elementor-element-80b28b3 elementor-widget elementor-widget-rs-heading\" data-id=\"80b28b3\" data-element_type=\"widget\" data-widget_type=\"rs-heading.default\">\n\t\t\t\t<div class=\"elementor-widget-container\">\n\t\t\t        <div class=\"rs-heading default  \">\r\n        \t<div class=\"title-inner\">\r\n        \t\t      \t\t\r\n\t            <span class=\"sub-text \">Quienes Somos<\/span><h2 class=\"title\"><span class=\"watermark\"><\/span>Somos la primera U<\/h2>\t        <\/div>\r\n\t                    \t<div class=\"description\">\r\n            \t\t<p>Creada para acompa\u00f1ar d\u00eda a d\u00eda a los padres de familia y cuidadores, en la crianza de los ni\u00f1os y adolescentes, incluso desde la gestaci\u00f3n.<\/p>            \t\t\r\n            \t<\/div>\r\n        \t        <\/div>\r\n\r\n        \t\t<\/div>\n\t\t\t\t<\/div>\n\t\t\t\t<div class=\"elementor-element elementor-element-5d2e2b62 elementor-widget elementor-widget-text-editor\" data-id=\"5d2e2b62\" data-element_type=\"widget\" data-widget_type=\"text-editor.default\">\n\t\t\t\t<div class=\"elementor-widget-container\">\n\t\t\t<style>\/*! elementor - v3.23.0 - 25-07-2024 *\/\n.elementor-widget-text-editor.elementor-drop-cap-view-stacked .elementor-drop-cap{background-color:#69727d;color:#fff}.elementor-widget-text-editor.elementor-drop-cap-view-framed .elementor-drop-cap{color:#69727d;border:3px solid;background-color:transparent}.elementor-widget-text-editor:not(.elementor-drop-cap-view-default) .elementor-drop-cap{margin-top:8px}.elementor-widget-text-editor:not(.elementor-drop-cap-view-default) .elementor-drop-cap-letter{width:1em;height:1em}.elementor-widget-text-editor .elementor-drop-cap{float:left;text-align:center;line-height:1;font-size:50px}.elementor-widget-text-editor .elementor-drop-cap-letter{display:inline-block}<\/style>\t\t\t\t<p style=\"margin:0in;text-align:justify\"><span lang=\"ES-CO\" style=\"font-size:\n11.0pt;font-family:&quot;Arial&quot;,sans-serif;color:black;mso-themecolor:text1\">M\u00e1s de\n80 profesionales de diferentes pa\u00edses y Universidades en las diversas \u00e1reas de\nla salud y educaci\u00f3n: Psic\u00f3logos, Pediatras, Nutricionistas, Fonoaudi\u00f3logos,\nFisioterapeutas, M\u00e9dicos, Enfermeras, Docentes, Psiquiatras, Odont\u00f3logos,\nTrabajadores Sociales, y dem\u00e1s especialidades, nos unimos para demostrar, que\ncon La U Familiar\u2026 Ahora la crianza ser\u00e1 + f\u00e1cil<o:p><\/o:p><\/span><\/p>\t\t\t\t\t\t<\/div>\n\t\t\t\t<\/div>\n\t\t\t\t<div class=\"elementor-element elementor-element-120d1e9a elementor-invisible elementor-widget elementor-widget-rs-video\" data-id=\"120d1e9a\" data-element_type=\"widget\" data-settings=\"{&quot;_animation&quot;:&quot;slideInUp&quot;,&quot;_animation_delay&quot;:500}\" data-widget_type=\"rs-video.default\">\n\t\t\t\t<div class=\"elementor-widget-container\">\n\t\t\t  \t\t<div class=\"rs-video video-item-1262 left style1\" >\r\n\r\n\r\n   \t\t\t\t\t\r\n  \t\t\t\t\t\t<div class=\"overly-border\">\r\n\t\t\t\t\t\t    <a class=\"popup-videos\" href=\"https:\/\/www.youtube.com\/watch?v=7Xy911QUytg\">\r\n\t\t\t\t\t\t\t\t<i class=\"fa fa-play\"><\/i>\r\n\t\t\t\t\t\t\t<\/a>\r\n\t\t\t\t\t\t<\/div>\r\n\r\n\t\t\t\t    \t\t\t\t    \t<div class=\"video-desc\">\r\n\t\t\t\t    \t\t<strong>PASO A PASO  <br>\nPARA REALIZAR TU SUSCRIPCI\u00d3N<\/strong>\t\t\t\t    \t<\/div>\r\n\t\t\t\t    \r\n\t\t\t\t\r\n\t\t\t\t  \r\n\t\t\t\t    \r\n\t\t\t<\/div>\t\r\n\r\n\r\n\t\t<script type=\"text\/javascript\">\t\t\t\r\n\t\t\tjQuery(document).ready(function(){\r\n\t\t\t\tjQuery('.popup-videos').magnificPopup({\r\n\t\t\t        disableOn: 10,\r\n\t\t\t        type: 'iframe',\r\n\t\t\t        mainClass: 'mfp-fade',\r\n\t\t\t        removalDelay: 160,\r\n\t\t\t        preloader: false,\r\n\r\n\t\t\t        fixedContentPos: false\r\n\t\t\t    }); \r\n\t\t\t});\r\n\t\t<\/script>\r\n    \r\n\t\t<\/div>\n\t\t\t\t<\/div>\n\t\t\t\t\t<\/div>\n\t\t<\/div>\n\t\t\t\t<div class=\"elementor-column elementor-col-50 elementor-top-column elementor-element elementor-element-262b5dd animated-slow elementor-invisible\" data-id=\"262b5dd\" data-element_type=\"column\" data-settings=\"{&quot;animation&quot;:&quot;fadeInUp&quot;,&quot;animation_delay&quot;:500}\">\n\t\t\t<div class=\"elementor-widget-wrap elementor-element-populated\">\n\t\t\t\t\t\t<div class=\"elementor-element elementor-element-56bc33fc elementor-invisible elementor-widget elementor-widget-image\" data-id=\"56bc33fc\" data-element_type=\"widget\" data-settings=\"{&quot;_animation&quot;:&quot;slideInRight&quot;,&quot;_animation_delay&quot;:600}\" data-widget_type=\"image.default\">\n\t\t\t\t<div class=\"elementor-widget-container\">\n\t\t\t<style>\/*! elementor - v3.23.0 - 25-07-2024 *\/\n.elementor-widget-image{text-align:center}.elementor-widget-image a{display:inline-block}.elementor-widget-image a img[src$=\".svg\"]{width:48px}.elementor-widget-image img{vertical-align:middle;display:inline-block}<\/style>\t\t\t\t\t\t\t\t\t\t<img fetchpriority=\"high\" decoding=\"async\" width=\"880\" height=\"471\" src=\"https:\/\/laufamiliar.com\/portal\/wp-content\/uploads\/2022\/08\/fondo-1.png\" class=\"attachment-full size-full wp-image-27672\" alt=\"\" srcset=\"https:\/\/laufamiliar.com\/portal\/wp-content\/uploads\/2022\/08\/fondo-1.png 880w, https:\/\/laufamiliar.com\/portal\/wp-content\/uploads\/2022\/08\/fondo-1-300x161.png 300w, https:\/\/laufamiliar.com\/portal\/wp-content\/uploads\/2022\/08\/fondo-1-768x411.png 768w, https:\/\/laufamiliar.com\/portal\/wp-content\/uploads\/2022\/08\/fondo-1-600x321.png 600w\" sizes=\"(max-width: 880px) 100vw, 880px\" \/>\t\t\t\t\t\t\t\t\t\t\t\t\t<\/div>\n\t\t\t\t<\/div>\n\t\t\t\t\t<\/div>\n\t\t<\/div>\n\t\t\t\t\t<\/div>\n\t\t<\/section>\n\t\t\t\t<section class=\"elementor-section elementor-top-section elementor-element elementor-element-7c2bf49 elementor-section-full_width elementor-section-height-default elementor-section-height-default\" data-id=\"7c2bf49\" data-element_type=\"section\">\n\t\t\t\t\t\t<div class=\"elementor-container elementor-column-gap-default\">\n\t\t\t\t\t<div class=\"elementor-column elementor-col-100 elementor-top-column elementor-element elementor-element-27be99e6\" data-id=\"27be99e6\" data-element_type=\"column\">\n\t\t\t<div class=\"elementor-widget-wrap elementor-element-populated\">\n\t\t\t\t\t\t<section class=\"elementor-section elementor-inner-section elementor-element elementor-element-41697bbb elementor-section-full_width elementor-section-height-default elementor-section-height-default\" data-id=\"41697bbb\" data-element_type=\"section\">\n\t\t\t\t\t\t<div class=\"elementor-container elementor-column-gap-default\">\n\t\t\t\t\t<div class=\"elementor-column elementor-col-33 elementor-inner-column elementor-element elementor-element-69874859\" data-id=\"69874859\" data-element_type=\"column\">\n\t\t\t<div class=\"elementor-widget-wrap elementor-element-populated\">\n\t\t\t\t\t\t<div class=\"elementor-element elementor-element-2e9fbd5d elementor-widget elementor-widget-rs-service-grid\" data-id=\"2e9fbd5d\" data-element_type=\"widget\" data-settings=\"{&quot;_animation&quot;:&quot;none&quot;}\" data-widget_type=\"rs-service-grid.default\">\n\t\t\t\t<div class=\"elementor-widget-container\">\n\t\t\t\t\t\r\n\t\t<div class=\"rs-animation-yes rs-addon-services services-style4 service_shape_\">\r\n\t\t    <div class=\"services-part style9-\">\r\n\r\n\r\n\t\t    \t\t\t\t    \t\t    \t\t\r\n\t\t    \t\r\n\t\t    \t\t\t\r\n\t\t    \t\t\t\t\t\t    \t\t\t<div class=\"services-icon elementor-animation-shrink icon no\">\r\n\r\n\t\t\t\t\t    \t\t\t\t\t\t\t    \t\t\t<i class=\"fa fa fa-shield\"><\/i>\r\n\t\t\t\t\t    \t\t\r\n\t\t\t\t\t    \t\t\r\n\t\t\t\t\t    \t\t\t\t\t\t    \t\t<\/div>\r\n\t\t\t    \t\t\r\n\r\n\t\t    \t\t\t    \t\t       \r\n\t\t\t    <div class=\"services-text\">\r\n\r\n\t\t\t    \t\r\n\r\n\t\t\t    \t\t\t\t\t    \t<div class=\"services-title\">\t\t\t\t    \t\t\r\n\t\t\t\t    \t\t\t\t\t\t    \t\t\t<h3 class=\"title\"> + 80 Profesionales<\/h3>\r\n\t\t\t\t    \t\t\t\t\t\t    \t\t\r\n\t\t\t\t    \t<\/div>\r\n\t\t\t    \t\t\r\n\r\n\t\t\t    \t\t\t\t    \t\t<p class=\"services-txt\">  Entre Psic\u00f3logos, Pediatras, Nutricionistas, Fonoaudi\u00f3logos,\nFisioterapeutas, M\u00e9dicos...<\/p>\t\r\n\t\t\t    \t\t\r\n\r\n\r\n\r\n\t\t\t    \t\t    \t    \t\t\t    \t    \t\r\n\r\n\r\n\r\n\t\t\t    <\/div>\r\n\t\t\t<\/div>\r\n\t\t<\/div>\t\r\n\t\t\r\n\t\t\t<\/div>\n\t\t\t\t<\/div>\n\t\t\t\t\t<\/div>\n\t\t<\/div>\n\t\t\t\t<div class=\"elementor-column elementor-col-33 elementor-inner-column elementor-element elementor-element-7d093c51\" data-id=\"7d093c51\" data-element_type=\"column\">\n\t\t\t<div class=\"elementor-widget-wrap elementor-element-populated\">\n\t\t\t\t\t\t<div class=\"elementor-element elementor-element-7473fbd6 icon_bg_style1 elementor-widget elementor-widget-rs-service-grid\" data-id=\"7473fbd6\" data-element_type=\"widget\" data-settings=\"{&quot;_animation&quot;:&quot;none&quot;}\" data-widget_type=\"rs-service-grid.default\">\n\t\t\t\t<div class=\"elementor-widget-container\">\n\t\t\t\t\t\r\n\t\t<div class=\"rs-animation-yes rs-addon-services services-style4 service_shape_\">\r\n\t\t    <div class=\"services-part style9-\">\r\n\r\n\r\n\t\t    \t\t\t\t    \t\t    \t\t\r\n\t\t    \t\r\n\t\t    \t\t\t\r\n\t\t    \t\t\t\t\t\t    \t\t\t<div class=\"services-icon elementor-animation-shrink icon no\">\r\n\r\n\t\t\t\t\t    \t\t\t\t\t\t\t    \t\t\t<i class=\"fa fa fa-compass\"><\/i>\r\n\t\t\t\t\t    \t\t\r\n\t\t\t\t\t    \t\t\r\n\t\t\t\t\t    \t\t\t\t\t\t    \t\t<\/div>\r\n\t\t\t    \t\t\r\n\r\n\t\t    \t\t\t    \t\t       \r\n\t\t\t    <div class=\"services-text\">\r\n\r\n\t\t\t    \t\r\n\r\n\t\t\t    \t\t\t\t\t    \t<div class=\"services-title\">\t\t\t\t    \t\t\r\n\t\t\t\t    \t\t\t\t\t\t    \t\t\t<h3 class=\"title\"> Estamos contigo<\/h3>\r\n\t\t\t\t    \t\t\t\t\t\t    \t\t\r\n\t\t\t\t    \t<\/div>\r\n\t\t\t    \t\t\r\n\r\n\t\t\t    \t\t\t\t    \t\t<p class=\"services-txt\">  En todo el proceso de crianza, inclusive desde la gestaci\u00f3n<\/p>\t\r\n\t\t\t    \t\t\r\n\r\n\r\n\r\n\t\t\t    \t\t    \t    \t\t\t    \t    \t\r\n\r\n\r\n\r\n\t\t\t    <\/div>\r\n\t\t\t<\/div>\r\n\t\t<\/div>\t\r\n\t\t\r\n\t\t\t<\/div>\n\t\t\t\t<\/div>\n\t\t\t\t\t<\/div>\n\t\t<\/div>\n\t\t\t\t<div class=\"elementor-column elementor-col-33 elementor-inner-column elementor-element elementor-element-7b0e3294\" data-id=\"7b0e3294\" data-element_type=\"column\">\n\t\t\t<div class=\"elementor-widget-wrap elementor-element-populated\">\n\t\t\t\t\t\t<div class=\"elementor-element elementor-element-1c48093 icon_bg_style1 elementor-widget elementor-widget-rs-service-grid\" data-id=\"1c48093\" data-element_type=\"widget\" data-settings=\"{&quot;_animation&quot;:&quot;none&quot;}\" data-widget_type=\"rs-service-grid.default\">\n\t\t\t\t<div class=\"elementor-widget-container\">\n\t\t\t\t\t\r\n\t\t<div class=\"rs-animation-yes rs-addon-services services-style4 service_shape_\">\r\n\t\t    <div class=\"services-part style9-\">\r\n\r\n\r\n\t\t    \t\t\t\t    \t\t    \t\t\r\n\t\t    \t\r\n\t\t    \t\t\t\r\n\t\t    \t\t\t\t\t\t    \t\t\t<div class=\"services-icon elementor-animation-shrink icon no\">\r\n\r\n\t\t\t\t\t    \t\t\t\t\t\t\t    \t\t\t<i class=\"fa fa fa-bell\"><\/i>\r\n\t\t\t\t\t    \t\t\r\n\t\t\t\t\t    \t\t\r\n\t\t\t\t\t    \t\t\t\t\t\t    \t\t<\/div>\r\n\t\t\t    \t\t\r\n\r\n\t\t    \t\t\t    \t\t       \r\n\t\t\t    <div class=\"services-text\">\r\n\r\n\t\t\t    \t\r\n\r\n\t\t\t    \t\t\t\t\t    \t<div class=\"services-title\">\t\t\t\t    \t\t\r\n\t\t\t\t    \t\t\t\t\t\t    \t\t\t<h3 class=\"title\"> Ideas Creativas<\/h3>\r\n\t\t\t\t    \t\t\t\t\t\t    \t\t\r\n\t\t\t\t    \t<\/div>\r\n\t\t\t    \t\t\r\n\r\n\t\t\t    \t\t\t\t    \t\t<p class=\"services-txt\">  Pregunta por obsequios especiales con tu suscripci\u00f3n<\/p>\t\r\n\t\t\t    \t\t\r\n\r\n\r\n\r\n\t\t\t    \t\t    \t    \t\t\t    \t    \t\r\n\r\n\r\n\r\n\t\t\t    <\/div>\r\n\t\t\t<\/div>\r\n\t\t<\/div>\t\r\n\t\t\r\n\t\t\t<\/div>\n\t\t\t\t<\/div>\n\t\t\t\t\t<\/div>\n\t\t<\/div>\n\t\t\t\t\t<\/div>\n\t\t<\/section>\n\t\t\t\t\t<\/div>\n\t\t<\/div>\n\t\t\t\t\t<\/div>\n\t\t<\/section>\n\t\t\t\t<section class=\"elementor-section elementor-top-section elementor-element elementor-element-7c071533 elementor-section-full_width elementor-section-stretched elementor-section-height-default elementor-section-height-default\" data-id=\"7c071533\" data-element_type=\"section\" data-settings=\"{&quot;stretch_section&quot;:&quot;section-stretched&quot;,&quot;background_background&quot;:&quot;classic&quot;}\">\n\t\t\t\t\t\t\t<div class=\"elementor-background-overlay\"><\/div>\n\t\t\t\t\t\t\t<div class=\"elementor-container elementor-column-gap-default\">\n\t\t\t\t\t<div class=\"elementor-column elementor-col-100 elementor-top-column elementor-element elementor-element-149802f0\" data-id=\"149802f0\" data-element_type=\"column\">\n\t\t\t<div class=\"elementor-widget-wrap elementor-element-populated\">\n\t\t\t\t\t\t<section class=\"elementor-section elementor-inner-section elementor-element elementor-element-3591dac1 elementor-section-boxed elementor-section-height-default elementor-section-height-default\" data-id=\"3591dac1\" data-element_type=\"section\">\n\t\t\t\t\t\t<div class=\"elementor-container elementor-column-gap-default\">\n\t\t\t\t\t<div class=\"elementor-column elementor-col-33 elementor-inner-column elementor-element elementor-element-3f241bd8\" data-id=\"3f241bd8\" data-element_type=\"column\">\n\t\t\t<div class=\"elementor-widget-wrap elementor-element-populated\">\n\t\t\t\t\t\t<div class=\"elementor-element elementor-element-d7c05b9 elementor-widget elementor-widget-rs-counter\" data-id=\"d7c05b9\" data-element_type=\"widget\" data-widget_type=\"rs-counter.default\">\n\t\t\t\t<div class=\"elementor-widget-container\">\n\t\t\t\t\t<div class=\"counter-top-area style1\">\r\n\t\t    <div class=\"rs-counter-list\">\r\n\t\t    \t\r\n\t\t    \t\t\t    \t\t       \r\n\t\t\t    <div class=\"count-text\">\r\n\t\t\t    \t<div class=\"count-number\">\r\n\t\t\t    \t\t<span class=\"suffix\">M\u00e1s de<\/span>\t\t\t    \t\t\t<span class=\"rs-counter\"> 200<\/span>\r\n\t\t\t    \t\t<span class=\"prefix\">mil<\/span>\t\t\t    \t<\/div>\r\n\r\n\t\t\t    \t\t\t\t    \t\t<span class=\"title\">  familias inscritas<\/span>\t\r\n\t\t\t    \t\t\r\n\r\n\t\t\t    <\/div>\r\n\t\t\t<\/div>\r\n\t\t<\/div>\t\t\r\n\t\t\t<\/div>\n\t\t\t\t<\/div>\n\t\t\t\t\t<\/div>\n\t\t<\/div>\n\t\t\t\t<div class=\"elementor-column elementor-col-33 elementor-inner-column elementor-element elementor-element-4a7e84e6\" data-id=\"4a7e84e6\" data-element_type=\"column\">\n\t\t\t<div class=\"elementor-widget-wrap elementor-element-populated\">\n\t\t\t\t\t\t<div class=\"elementor-element elementor-element-edba604 elementor-widget elementor-widget-rs-counter\" data-id=\"edba604\" data-element_type=\"widget\" data-widget_type=\"rs-counter.default\">\n\t\t\t\t<div class=\"elementor-widget-container\">\n\t\t\t\t\t<div class=\"counter-top-area style1\">\r\n\t\t    <div class=\"rs-counter-list\">\r\n\t\t    \t\r\n\t\t    \t\t\t    \t\t       \r\n\t\t\t    <div class=\"count-text\">\r\n\t\t\t    \t<div class=\"count-number\">\r\n\t\t\t    \t\t\t\t\t    \t\t\t<span class=\"rs-counter\"> 13<\/span>\r\n\t\t\t    \t\t\t\t\t    \t<\/div>\r\n\r\n\t\t\t    \t\t\t\t    \t\t<span class=\"title\">  lecciones mensuales de acuerdo a la edad de su hija o hijo.<\/span>\t\r\n\t\t\t    \t\t\r\n\r\n\t\t\t    <\/div>\r\n\t\t\t<\/div>\r\n\t\t<\/div>\t\t\r\n\t\t\t<\/div>\n\t\t\t\t<\/div>\n\t\t\t\t\t<\/div>\n\t\t<\/div>\n\t\t\t\t<div class=\"elementor-column elementor-col-33 elementor-inner-column elementor-element elementor-element-7a3d57\" data-id=\"7a3d57\" data-element_type=\"column\">\n\t\t\t<div class=\"elementor-widget-wrap elementor-element-populated\">\n\t\t\t\t\t\t<div class=\"elementor-element elementor-element-135edeb8 elementor-widget elementor-widget-rs-counter\" data-id=\"135edeb8\" data-element_type=\"widget\" data-widget_type=\"rs-counter.default\">\n\t\t\t\t<div class=\"elementor-widget-container\">\n\t\t\t\t\t<div class=\"counter-top-area style1\">\r\n\t\t    <div class=\"rs-counter-list\">\r\n\t\t    \t\r\n\t\t    \t\t\t    \t\t       \r\n\t\t\t    <div class=\"count-text\">\r\n\t\t\t    \t<div class=\"count-number\">\r\n\t\t\t    \t\t<span class=\"suffix\">M\u00e1s de<\/span>\t\t\t    \t\t\t<span class=\"rs-counter\"> 3<\/span>\r\n\t\t\t    \t\t\t\t\t    \t<\/div>\r\n\r\n\t\t\t    \t\t\t\t    \t\t<span class=\"title\">  metodologias de clase, foro de preguntas ilimitado.<\/span>\t\r\n\t\t\t    \t\t\r\n\r\n\t\t\t    <\/div>\r\n\t\t\t<\/div>\r\n\t\t<\/div>\t\t\r\n\t\t\t<\/div>\n\t\t\t\t<\/div>\n\t\t\t\t\t<\/div>\n\t\t<\/div>\n\t\t\t\t\t<\/div>\n\t\t<\/section>\n\t\t\t\t\t<\/div>\n\t\t<\/div>\n\t\t\t\t\t<\/div>\n\t\t<\/section>\n\t\t\t\t<\/div>\n\t\t","protected":false},"excerpt":{"rendered":"<p>Quienes Somos Somos la primera U Creada para acompa\u00f1ar d\u00eda a d\u00eda a los padres de familia y cuidadores, en la crianza de los ni\u00f1os y adolescentes, incluso desde la gestaci\u00f3n. M\u00e1s de 80 profesionales de diferentes pa\u00edses y Universidades en las diversas \u00e1reas de la salud y educaci\u00f3n: Psic\u00f3logos, Pediatras, Nutricionistas, Fonoaudi\u00f3logos, Fisioterapeutas, M\u00e9dicos,&#8230;<\/p>\n","protected":false},"author":1,"featured_media":0,"parent":0,"menu_order":0,"comment_status":"closed","ping_status":"closed","template":"","meta":{"footnotes":""},"class_list":["post-28023","page","type-page","status-publish","hentry"],"_links":{"self":[{"href":"https:\/\/laufamiliar.com\/portal\/wp-json\/wp\/v2\/pages\/28023","targetHints":{"allow":["GET"]}}],"collection":[{"href":"https:\/\/laufamiliar.com\/portal\/wp-json\/wp\/v2\/pages"}],"about":[{"href":"https:\/\/laufamiliar.com\/portal\/wp-json\/wp\/v2\/types\/page"}],"author":[{"embeddable":true,"href":"https:\/\/laufamiliar.com\/portal\/wp-json\/wp\/v2\/users\/1"}],"replies":[{"embeddable":true,"href":"https:\/\/laufamiliar.com\/portal\/wp-json\/wp\/v2\/comments?post=28023"}],"version-history":[{"count":19,"href":"https:\/\/laufamiliar.com\/portal\/wp-json\/wp\/v2\/pages\/28023\/revisions"}],"predecessor-version":[{"id":28052,"href":"https:\/\/laufamiliar.com\/portal\/wp-json\/wp\/v2\/pages\/28023\/revisions\/28052"}],"wp:attachment":[{"href":"https:\/\/laufamiliar.com\/portal\/wp-json\/wp\/v2\/media?parent=28023"}],"curies":[{"name":"wp","href":"https:\/\/api.w.org\/{rel}","templated":true}]}}